{"id":376,"date":"2024-11-20T17:50:58","date_gmt":"2024-11-20T14:50:58","guid":{"rendered":"https:\/\/arwincihangir.com\/?page_id=376"},"modified":"2026-02-27T23:02:32","modified_gmt":"2026-02-27T20:02:32","slug":"fix-menu","status":"publish","type":"page","link":"https:\/\/arwincihangir.com\/tr\/fix-menu\/","title":{"rendered":"Fix Menu"},"content":{"rendered":"<div data-elementor-type=\"wp-page\" data-elementor-id=\"376\" class=\"elementor elementor-376\" data-elementor-post-type=\"page\">\n\t\t\t\t\t\t<section class=\"elementor-section elementor-top-section elementor-element elementor-element-35e3e35 elementor-section-boxed elementor-section-height-default elementor-section-height-default\" data-id=\"35e3e35\" data-element_type=\"section\">\n\t\t\t\t\t\t<div class=\"elementor-container elementor-column-gap-default\">\n\t\t\t\t\t<div class=\"elementor-column elementor-col-100 elementor-top-column elementor-element elementor-element-c045c6e\" data-id=\"c045c6e\" data-element_type=\"column\">\n\t\t\t<div class=\"elementor-widget-wrap elementor-element-populated\">\n\t\t\t\t\t\t<div class=\"elementor-element elementor-element-a48a16a elementor-widget elementor-widget-heading\" data-id=\"a48a16a\" data-element_type=\"widget\" data-widget_type=\"heading.default\">\n\t\t\t\t<div class=\"elementor-widget-container\">\n\t\t\t\t\t<h2 class=\"elementor-heading-title elementor-size-default\">Ba\u015flang\u0131\u00e7<\/h2>\t\t\t\t<\/div>\n\t\t\t\t<\/div>\n\t\t\t\t<div class=\"elementor-element elementor-element-3a58ac1 elementor-widget elementor-widget-narestaurant_unique_food_menu\" data-id=\"3a58ac1\" data-element_type=\"widget\" data-widget_type=\"narestaurant_unique_food_menu.default\">\n\t\t\t\t<div class=\"elementor-widget-container\">\n\t\t\t\t\t<div class=\"narep-food-menu-wrap\"><div class=\"narep-food-menu-item-wrap zoom-image no-img\">\n\t\t\t\t\t\t\t\t\t\t\t              <div class=\"narep-food-menu-info\"><h4 class=\"narep-food-menu-title\"><span class=\"food-title\">Atom<\/span><\/h4><p>(yo\u011furt, sour apple, walnuts, spicy pepper)<\/p><\/div>\n\t\t\t\t\t\t\t\t\t\t\t            <\/div><div class=\"narep-food-menu-item-wrap zoom-image no-img\">\n\t\t\t\t\t\t\t\t\t\t\t              <div class=\"narep-food-menu-info\"><h4 class=\"narep-food-menu-title\"><span class=\"food-title\">Kuru Cac\u0131k<\/span><\/h4><p>(yo\u011furt, cucumber, garlic)<\/p><\/div>\n\t\t\t\t\t\t\t\t\t\t\t            <\/div><div class=\"narep-food-menu-item-wrap zoom-image no-img\">\n\t\t\t\t\t\t\t\t\t\t\t              <div class=\"narep-food-menu-info\"><h4 class=\"narep-food-menu-title\"><span class=\"food-title\">Humus<\/span><\/h4><p>(chickpeas(garbonzo beans)sesame paste, leminjuice, garlic, olive oil, salt, water or milk)<\/p><\/div>\n\t\t\t\t\t\t\t\t\t\t\t            <\/div><div class=\"narep-food-menu-item-wrap zoom-image no-img\">\n\t\t\t\t\t\t\t\t\t\t\t              <div class=\"narep-food-menu-info\"><h4 class=\"narep-food-menu-title\"><span class=\"food-title\">K\u00f6po\u011flu<\/span><\/h4><p>(eggplant, green pepers, tomatoes, garlic, yogurt, salt, red pepper flakers, olive oil)<\/p><\/div>\n\t\t\t\t\t\t\t\t\t\t\t            <\/div><div class=\"narep-food-menu-item-wrap zoom-image no-img\">\n\t\t\t\t\t\t\t\t\t\t\t              <div class=\"narep-food-menu-info\"><h4 class=\"narep-food-menu-title\"><span class=\"food-title\">Girit Ezmesi<\/span><\/h4><p>(feta cheese, smilar soft cheese, walnuts, olive oil, fresh tyreme, garlic, red paper flakers)<\/p><\/div>\n\t\t\t\t\t\t\t\t\t\t\t            <\/div><div class=\"narep-food-menu-item-wrap zoom-image no-img\">\n\t\t\t\t\t\t\t\t\t\t\t              <div class=\"narep-food-menu-info\"><h4 class=\"narep-food-menu-title\"><span class=\"food-title\">Yo\u011furtlu Girit Kaba\u011f\u0131<\/span><\/h4><p>(gretan zucchini, garlic yogurt, oliv oil, fresh dill, salt, black paper)<\/p><\/div>\n\t\t\t\t\t\t\t\t\t\t\t            <\/div><div class=\"narep-food-menu-item-wrap zoom-image no-img\">\n\t\t\t\t\t\t\t\t\t\t\t              <div class=\"narep-food-menu-info\"><h4 class=\"narep-food-menu-title\"><span class=\"food-title\">Alt\u0131 \u00c7e\u015fit (masaya serpi\u015ftirilir)<\/span><\/h4><p>(Six varieties are scattered across the table)<\/p><\/div>\n\t\t\t\t\t\t\t\t\t\t\t            <\/div><\/div>\t\t\t\t<\/div>\n\t\t\t\t<\/div>\n\t\t\t\t<div class=\"elementor-element elementor-element-e9f36e6 elementor-widget elementor-widget-heading\" data-id=\"e9f36e6\" data-element_type=\"widget\" data-widget_type=\"heading.default\">\n\t\t\t\t<div class=\"elementor-widget-container\">\n\t\t\t\t\t<h2 class=\"elementor-heading-title elementor-size-default\">Salata<\/h2>\t\t\t\t<\/div>\n\t\t\t\t<\/div>\n\t\t\t\t<div class=\"elementor-element elementor-element-e4d92ce elementor-widget elementor-widget-narestaurant_unique_food_menu\" data-id=\"e4d92ce\" data-element_type=\"widget\" data-widget_type=\"narestaurant_unique_food_menu.default\">\n\t\t\t\t<div class=\"elementor-widget-container\">\n\t\t\t\t\t<div class=\"narep-food-menu-wrap\"><div class=\"narep-food-menu-item-wrap zoom-image no-img\">\n\t\t\t\t\t\t\t\t\t\t\t              <div class=\"narep-food-menu-info\"><h4 class=\"narep-food-menu-title\"><span class=\"food-title\">Domates ve Peynirli Roka Salatas\u0131<\/span><\/h4><p>(aragula, tomato, feta cheese)<\/p><\/div>\n\t\t\t\t\t\t\t\t\t\t\t            <\/div><\/div>\t\t\t\t<\/div>\n\t\t\t\t<\/div>\n\t\t\t\t<div class=\"elementor-element elementor-element-4664366 elementor-widget elementor-widget-heading\" data-id=\"4664366\" data-element_type=\"widget\" data-widget_type=\"heading.default\">\n\t\t\t\t<div class=\"elementor-widget-container\">\n\t\t\t\t\t<h2 class=\"elementor-heading-title elementor-size-default\">Ara S\u0131cak \/ Hot Starters<\/h2>\t\t\t\t<\/div>\n\t\t\t\t<\/div>\n\t\t\t\t<div class=\"elementor-element elementor-element-4f1644f elementor-widget elementor-widget-narestaurant_unique_food_menu\" data-id=\"4f1644f\" data-element_type=\"widget\" data-widget_type=\"narestaurant_unique_food_menu.default\">\n\t\t\t\t<div class=\"elementor-widget-container\">\n\t\t\t\t\t<div class=\"narep-food-menu-wrap\"><div class=\"narep-food-menu-item-wrap zoom-image no-img\">\n\t\t\t\t\t\t\t\t\t\t\t              <div class=\"narep-food-menu-info\"><h4 class=\"narep-food-menu-title\"><span class=\"food-title\">Pa\u00e7anga B\u00f6re\u011fi<\/span><\/h4><p>(turkish style b\u00f6rek inside cheese)<\/p><\/div>\n\t\t\t\t\t\t\t\t\t\t\t            <\/div><\/div>\t\t\t\t<\/div>\n\t\t\t\t<\/div>\n\t\t\t\t<div class=\"elementor-element elementor-element-4c352a7 elementor-widget elementor-widget-heading\" data-id=\"4c352a7\" data-element_type=\"widget\" data-widget_type=\"heading.default\">\n\t\t\t\t<div class=\"elementor-widget-container\">\n\t\t\t\t\t<h2 class=\"elementor-heading-title elementor-size-default\">Ana Yemek \/ Opsiyonlu\/ Options<\/h2>\t\t\t\t<\/div>\n\t\t\t\t<\/div>\n\t\t\t\t<div class=\"elementor-element elementor-element-10e7943 elementor-widget elementor-widget-narestaurant_unique_food_menu\" data-id=\"10e7943\" data-element_type=\"widget\" data-widget_type=\"narestaurant_unique_food_menu.default\">\n\t\t\t\t<div class=\"elementor-widget-container\">\n\t\t\t\t\t<div class=\"narep-food-menu-wrap\"><div class=\"narep-food-menu-item-wrap zoom-image no-img\">\n\t\t\t\t\t\t\t\t\t\t\t              <div class=\"narep-food-menu-info\"><h4 class=\"narep-food-menu-title\"><span class=\"food-title\">Z\u0131rh Kebap\/ Tavuk \u015ei\u015f\/ \u00c7ipura tane (se\u00e7enekli)<\/span><\/h4><p>(turkish spice kebap\/ chicken shish\/ dorado) - (optional)<\/p><\/div>\n\t\t\t\t\t\t\t\t\t\t\t            <\/div><\/div>\t\t\t\t<\/div>\n\t\t\t\t<\/div>\n\t\t\t\t<div class=\"elementor-element elementor-element-9f88f9a elementor-widget elementor-widget-heading\" data-id=\"9f88f9a\" data-element_type=\"widget\" data-widget_type=\"heading.default\">\n\t\t\t\t<div class=\"elementor-widget-container\">\n\t\t\t\t\t<h2 class=\"elementor-heading-title elementor-size-default\">Tatl\u0131 (Opsiyonlu)<\/h2>\t\t\t\t<\/div>\n\t\t\t\t<\/div>\n\t\t\t\t<div class=\"elementor-element elementor-element-6cd64db elementor-widget elementor-widget-narestaurant_unique_food_menu\" data-id=\"6cd64db\" data-element_type=\"widget\" data-widget_type=\"narestaurant_unique_food_menu.default\">\n\t\t\t\t<div class=\"elementor-widget-container\">\n\t\t\t\t\t<div class=\"narep-food-menu-wrap\"><div class=\"narep-food-menu-item-wrap zoom-image no-img\">\n\t\t\t\t\t\t\t\t\t\t\t              <div class=\"narep-food-menu-info\"><h4 class=\"narep-food-menu-title\"><span class=\"food-title\">Katmer\/ F\u0131r\u0131nda Helva<\/span><\/h4><p>(phyllo dought, butter, sugar, crushed pistachios, ice cream)<\/p><\/div>\n\t\t\t\t\t\t\t\t\t\t\t            <\/div><\/div>\t\t\t\t<\/div>\n\t\t\t\t<\/div>\n\t\t\t\t<div class=\"elementor-element elementor-element-6c0ab82 elementor-widget elementor-widget-heading\" data-id=\"6c0ab82\" data-element_type=\"widget\" data-widget_type=\"heading.default\">\n\t\t\t\t<div class=\"elementor-widget-container\">\n\t\t\t\t\t<h2 class=\"elementor-heading-title elementor-size-default\">\u0130\u00e7ecekler \/ Drinks<\/h2>\t\t\t\t<\/div>\n\t\t\t\t<\/div>\n\t\t\t\t<div class=\"elementor-element elementor-element-2447a25 elementor-widget elementor-widget-narestaurant_unique_food_menu\" data-id=\"2447a25\" data-element_type=\"widget\" data-widget_type=\"narestaurant_unique_food_menu.default\">\n\t\t\t\t<div class=\"elementor-widget-container\">\n\t\t\t\t\t<div class=\"narep-food-menu-wrap\"><div class=\"narep-food-menu-item-wrap zoom-image no-img\">\n\t\t\t\t\t\t\t\t\t\t\t              <div class=\"narep-food-menu-info\"><h4 class=\"narep-food-menu-title\"><span class=\"food-title\">2 Me\u015frubat<\/span><\/h4><\/div>\n\t\t\t\t\t\t\t\t\t\t\t            <\/div><div class=\"narep-food-menu-item-wrap zoom-image no-img\">\n\t\t\t\t\t\t\t\t\t\t\t              <div class=\"narep-food-menu-info\"><h4 class=\"narep-food-menu-title\"><span class=\"food-title\">2 Soft Drinks<\/span><\/h4><\/div>\n\t\t\t\t\t\t\t\t\t\t\t            <\/div><div class=\"narep-food-menu-item-wrap zoom-image no-img\">\n\t\t\t\t\t\t\t\t\t\t\t              <div class=\"narep-food-menu-info\"><h4 class=\"narep-food-menu-title\"><span class=\"food-title\">4 Kadeh \u015earap (2 ki\u015fi i\u00e7in)<\/span><\/h4><\/div>\n\t\t\t\t\t\t\t\t\t\t\t            <\/div><div class=\"narep-food-menu-item-wrap zoom-image no-img\">\n\t\t\t\t\t\t\t\t\t\t\t              <div class=\"narep-food-menu-info\"><h4 class=\"narep-food-menu-title\"><span class=\"food-title\">2 Duble Rak\u0131 (2 ki\u015fi i\u00e7in)<\/span><\/h4><\/div>\n\t\t\t\t\t\t\t\t\t\t\t            <\/div><\/div>\t\t\t\t<\/div>\n\t\t\t\t<\/div>\n\t\t\t\t<div class=\"elementor-element elementor-element-01d63fe elementor-widget elementor-widget-heading\" data-id=\"01d63fe\" data-element_type=\"widget\" data-widget_type=\"heading.default\">\n\t\t\t\t<div class=\"elementor-widget-container\">\n\t\t\t\t\t<h2 class=\"elementor-heading-title elementor-size-default\">Fiyatlar\u0131m\u0131za KDV Dahildir \/ Our Prices Include<\/h2>\t\t\t\t<\/div>\n\t\t\t\t<\/div>\n\t\t\t\t\t<\/div>\n\t\t<\/div>\n\t\t\t\t\t<\/div>\n\t\t<\/section>\n\t\t\t\t<section class=\"elementor-section elementor-top-section elementor-element elementor-element-d33a07b elementor-section-boxed elementor-section-height-default elementor-section-height-default\" data-id=\"d33a07b\" data-element_type=\"section\">\n\t\t\t\t\t\t<div class=\"elementor-container elementor-column-gap-default\">\n\t\t\t\t\t<div class=\"elementor-column elementor-col-100 elementor-top-column elementor-element elementor-element-1e7bc6f\" data-id=\"1e7bc6f\" data-element_type=\"column\">\n\t\t\t<div class=\"elementor-widget-wrap elementor-element-populated\">\n\t\t\t\t\t\t<div class=\"elementor-element elementor-element-e83a02a elementor-widget elementor-widget-heading\" data-id=\"e83a02a\" data-element_type=\"widget\" data-widget_type=\"heading.default\">\n\t\t\t\t<div class=\"elementor-widget-container\">\n\t\t\t\t\t<h2 class=\"elementor-heading-title elementor-size-default\">Y\u0131lba\u015f\u0131 Men\u00fcs\u00fc \/ New Year Menu<\/h2>\t\t\t\t<\/div>\n\t\t\t\t<\/div>\n\t\t\t\t<div class=\"elementor-element elementor-element-68e99f1 elementor-widget elementor-widget-heading\" data-id=\"68e99f1\" data-element_type=\"widget\" data-widget_type=\"heading.default\">\n\t\t\t\t<div class=\"elementor-widget-container\">\n\t\t\t\t\t<h2 class=\"elementor-heading-title elementor-size-default\">Ba\u015flang\u0131\u00e7lar \/ Starters<\/h2>\t\t\t\t<\/div>\n\t\t\t\t<\/div>\n\t\t\t\t<div class=\"elementor-element elementor-element-f76aed7 elementor-widget elementor-widget-narestaurant_unique_food_menu\" data-id=\"f76aed7\" data-element_type=\"widget\" data-widget_type=\"narestaurant_unique_food_menu.default\">\n\t\t\t\t<div class=\"elementor-widget-container\">\n\t\t\t\t\t<div class=\"narep-food-menu-wrap\"><div class=\"narep-food-menu-item-wrap zoom-image no-img\">\n\t\t\t\t\t\t\t\t\t\t\t              <div class=\"narep-food-menu-info\"><h4 class=\"narep-food-menu-title\"><span class=\"food-title\">Kar\u0131\u015f\u0131k Meze Taba\u011f\u0131<\/span><\/h4><p>Mixed Meze Platter<\/p><\/div>\n\t\t\t\t\t\t\t\t\t\t\t            <\/div><div class=\"narep-food-menu-item-wrap zoom-image no-img\">\n\t\t\t\t\t\t\t\t\t\t\t              <div class=\"narep-food-menu-info\"><h4 class=\"narep-food-menu-title\"><span class=\"food-title\">\u015eefin Salatas\u0131<\/span><\/h4><p>Chef's Salad<\/p><\/div>\n\t\t\t\t\t\t\t\t\t\t\t            <\/div><\/div>\t\t\t\t<\/div>\n\t\t\t\t<\/div>\n\t\t\t\t<div class=\"elementor-element elementor-element-5140111 elementor-widget elementor-widget-heading\" data-id=\"5140111\" data-element_type=\"widget\" data-widget_type=\"heading.default\">\n\t\t\t\t<div class=\"elementor-widget-container\">\n\t\t\t\t\t<h2 class=\"elementor-heading-title elementor-size-default\">Ara S\u0131caklar \/ Hot Starters<\/h2>\t\t\t\t<\/div>\n\t\t\t\t<\/div>\n\t\t\t\t<div class=\"elementor-element elementor-element-883eae3 elementor-widget elementor-widget-narestaurant_unique_food_menu\" data-id=\"883eae3\" data-element_type=\"widget\" data-widget_type=\"narestaurant_unique_food_menu.default\">\n\t\t\t\t<div class=\"elementor-widget-container\">\n\t\t\t\t\t<div class=\"narep-food-menu-wrap\"><div class=\"narep-food-menu-item-wrap zoom-image no-img\">\n\t\t\t\t\t\t\t\t\t\t\t              <div class=\"narep-food-menu-info\"><h4 class=\"narep-food-menu-title\"><span class=\"food-title\">Kaday\u0131fa Sar\u0131lm\u0131\u015f Jumbo Karides<\/span><\/h4><p>Jumbo Srimp Wrapped in Kadaifi<\/p><\/div>\n\t\t\t\t\t\t\t\t\t\t\t            <\/div><div class=\"narep-food-menu-item-wrap zoom-image no-img\">\n\t\t\t\t\t\t\t\t\t\t\t              <div class=\"narep-food-menu-info\"><h4 class=\"narep-food-menu-title\"><span class=\"food-title\">Bal\u0131k B\u00f6re\u011fi<\/span><\/h4><p>Fish Pastry<\/p><\/div>\n\t\t\t\t\t\t\t\t\t\t\t            <\/div><\/div>\t\t\t\t<\/div>\n\t\t\t\t<\/div>\n\t\t\t\t<div class=\"elementor-element elementor-element-e35fa18 elementor-widget elementor-widget-heading\" data-id=\"e35fa18\" data-element_type=\"widget\" data-widget_type=\"heading.default\">\n\t\t\t\t<div class=\"elementor-widget-container\">\n\t\t\t\t\t<h2 class=\"elementor-heading-title elementor-size-default\">Ana Yemekler \/ Main Courses<\/h2>\t\t\t\t<\/div>\n\t\t\t\t<\/div>\n\t\t\t\t<div class=\"elementor-element elementor-element-c939ac2 elementor-widget elementor-widget-narestaurant_unique_food_menu\" data-id=\"c939ac2\" data-element_type=\"widget\" data-widget_type=\"narestaurant_unique_food_menu.default\">\n\t\t\t\t<div class=\"elementor-widget-container\">\n\t\t\t\t\t<div class=\"narep-food-menu-wrap\"><div class=\"narep-food-menu-item-wrap zoom-image no-img\">\n\t\t\t\t\t\t\t\t\t\t\t              <div class=\"narep-food-menu-info\"><h4 class=\"narep-food-menu-title\"><span class=\"food-title\">Kuzu Tand\u0131r\u0131<\/span><\/h4><p>Lamb Tandoori<\/p><\/div>\n\t\t\t\t\t\t\t\t\t\t\t            <\/div><div class=\"narep-food-menu-item-wrap zoom-image no-img\">\n\t\t\t\t\t\t\t\t\t\t\t              <div class=\"narep-food-menu-info\"><h4 class=\"narep-food-menu-title\"><span class=\"food-title\">Deniz Levre\u011fi<\/span><\/h4><p>Sea Bass<\/p><\/div>\n\t\t\t\t\t\t\t\t\t\t\t            <\/div><\/div>\t\t\t\t<\/div>\n\t\t\t\t<\/div>\n\t\t\t\t<div class=\"elementor-element elementor-element-5aec128 elementor-widget elementor-widget-heading\" data-id=\"5aec128\" data-element_type=\"widget\" data-widget_type=\"heading.default\">\n\t\t\t\t<div class=\"elementor-widget-container\">\n\t\t\t\t\t<h2 class=\"elementor-heading-title elementor-size-default\">Tatl\u0131lar \/ Desserts<\/h2>\t\t\t\t<\/div>\n\t\t\t\t<\/div>\n\t\t\t\t<div class=\"elementor-element elementor-element-6a853bc elementor-widget elementor-widget-narestaurant_unique_food_menu\" data-id=\"6a853bc\" data-element_type=\"widget\" data-widget_type=\"narestaurant_unique_food_menu.default\">\n\t\t\t\t<div class=\"elementor-widget-container\">\n\t\t\t\t\t<div class=\"narep-food-menu-wrap\"><div class=\"narep-food-menu-item-wrap zoom-image no-img\">\n\t\t\t\t\t\t\t\t\t\t\t              <div class=\"narep-food-menu-info\"><h4 class=\"narep-food-menu-title\"><span class=\"food-title\">Kaymakl\u0131 Ayva Tatl\u0131s\u0131<\/span><\/h4><p>Quince Desert With Clotted Cream<\/p><\/div>\n\t\t\t\t\t\t\t\t\t\t\t            <\/div><div class=\"narep-food-menu-item-wrap zoom-image no-img\">\n\t\t\t\t\t\t\t\t\t\t\t              <div class=\"narep-food-menu-info\"><h4 class=\"narep-food-menu-title\"><span class=\"food-title\">Kar\u0131\u015f\u0131k Meyve<\/span><\/h4><p>Mixed Fruit<\/p><\/div>\n\t\t\t\t\t\t\t\t\t\t\t            <\/div><\/div>\t\t\t\t<\/div>\n\t\t\t\t<\/div>\n\t\t\t\t<div class=\"elementor-element elementor-element-9af6760 elementor-widget elementor-widget-heading\" data-id=\"9af6760\" data-element_type=\"widget\" data-widget_type=\"heading.default\">\n\t\t\t\t<div class=\"elementor-widget-container\">\n\t\t\t\t\t<h2 class=\"elementor-heading-title elementor-size-default\">Limitsiz Yerli \u0130\u00e7ki \/ Unlimited Drink's<\/h2>\t\t\t\t<\/div>\n\t\t\t\t<\/div>\n\t\t\t\t<div class=\"elementor-element elementor-element-4374fdc elementor-widget elementor-widget-narestaurant_unique_food_menu\" data-id=\"4374fdc\" data-element_type=\"widget\" data-widget_type=\"narestaurant_unique_food_menu.default\">\n\t\t\t\t<div class=\"elementor-widget-container\">\n\t\t\t\t\t<div class=\"narep-food-menu-wrap\"><div class=\"narep-food-menu-item-wrap zoom-image no-img\">\n\t\t\t\t\t\t\t\t\t\t\t              <div class=\"narep-food-menu-info\"><h4 class=\"narep-food-menu-title\"><span class=\"food-title\">Yerli Vodka<\/span><\/h4><p>Local Vodka<\/p><\/div>\n\t\t\t\t\t\t\t\t\t\t\t            <\/div><div class=\"narep-food-menu-item-wrap zoom-image no-img\">\n\t\t\t\t\t\t\t\t\t\t\t              <div class=\"narep-food-menu-info\"><h4 class=\"narep-food-menu-title\"><span class=\"food-title\">Yerli Cin<\/span><\/h4><p>Local Gin<\/p><\/div>\n\t\t\t\t\t\t\t\t\t\t\t            <\/div><div class=\"narep-food-menu-item-wrap zoom-image no-img\">\n\t\t\t\t\t\t\t\t\t\t\t              <div class=\"narep-food-menu-info\"><h4 class=\"narep-food-menu-title\"><span class=\"food-title\">Yerli \u015earap \/ K\u0131rm\u0131z\u0131, Beyaz<\/span><\/h4><p>Local Wine Red or White<\/p><\/div>\n\t\t\t\t\t\t\t\t\t\t\t            <\/div><div class=\"narep-food-menu-item-wrap zoom-image no-img\">\n\t\t\t\t\t\t\t\t\t\t\t              <div class=\"narep-food-menu-info\"><h4 class=\"narep-food-menu-title\"><span class=\"food-title\">Yeni Rak\u0131<\/span><\/h4><p>Local Raki<\/p><\/div>\n\t\t\t\t\t\t\t\t\t\t\t            <\/div><div class=\"narep-food-menu-item-wrap zoom-image no-img\">\n\t\t\t\t\t\t\t\t\t\t\t              <div class=\"narep-food-menu-info\"><h4 class=\"narep-food-menu-title\"><span class=\"food-title\">Efes Malt Bira<\/span><\/h4><p>Local Beer<\/p><\/div>\n\t\t\t\t\t\t\t\t\t\t\t            <\/div><\/div>\t\t\t\t<\/div>\n\t\t\t\t<\/div>\n\t\t\t\t<div class=\"elementor-element elementor-element-7c1b4dd elementor-widget elementor-widget-heading\" data-id=\"7c1b4dd\" data-element_type=\"widget\" data-widget_type=\"heading.default\">\n\t\t\t\t<div class=\"elementor-widget-container\">\n\t\t\t\t\t<h2 class=\"elementor-heading-title elementor-size-default\">DJ Performans ve Dans\u00f6z \/ DJ Performance and Belly Dancer<\/h2>\t\t\t\t<\/div>\n\t\t\t\t<\/div>\n\t\t\t\t<div class=\"elementor-element elementor-element-0aa26c9 elementor-widget elementor-widget-heading\" data-id=\"0aa26c9\" data-element_type=\"widget\" data-widget_type=\"heading.default\">\n\t\t\t\t<div class=\"elementor-widget-container\">\n\t\t\t\t\t<h2 class=\"elementor-heading-title elementor-size-default\">Fiyatlar\u0131m\u0131za KDV Dahildir \/ Our Prices Include<\/h2>\t\t\t\t<\/div>\n\t\t\t\t<\/div>\n\t\t\t\t\t<\/div>\n\t\t<\/div>\n\t\t\t\t\t<\/div>\n\t\t<\/section>\n\t\t\t\t<\/div>","protected":false},"excerpt":{"rendered":"<p>Ba\u015flang\u0131\u00e7 Atom (yo\u011furt, sour apple, walnuts, spicy pepper) Kuru Cac\u0131k (yo\u011furt, cucumber, garlic) Humus (chickpeas(garbonzo beans)sesame paste, leminjuice, garlic, olive oil, salt, water or milk) K\u00f6po\u011flu (eggplant, green pepers, tomatoes, garlic, yogurt, salt, red pepper flakers, olive oil) Girit Ezmesi (feta cheese, smilar soft cheese, walnuts, olive oil, fresh tyreme, garlic, red paper flakers) Yo\u011furtlu&#8230;<\/p>","protected":false},"author":1,"featured_media":0,"parent":0,"menu_order":0,"comment_status":"closed","ping_status":"closed","template":"elementor_header_footer","meta":{"footnotes":""},"class_list":["post-376","page","type-page","status-publish","hentry"],"_links":{"self":[{"href":"https:\/\/arwincihangir.com\/tr\/wp-json\/wp\/v2\/pages\/376","targetHints":{"allow":["GET"]}}],"collection":[{"href":"https:\/\/arwincihangir.com\/tr\/wp-json\/wp\/v2\/pages"}],"about":[{"href":"https:\/\/arwincihangir.com\/tr\/wp-json\/wp\/v2\/types\/page"}],"author":[{"embeddable":true,"href":"https:\/\/arwincihangir.com\/tr\/wp-json\/wp\/v2\/users\/1"}],"replies":[{"embeddable":true,"href":"https:\/\/arwincihangir.com\/tr\/wp-json\/wp\/v2\/comments?post=376"}],"version-history":[{"count":70,"href":"https:\/\/arwincihangir.com\/tr\/wp-json\/wp\/v2\/pages\/376\/revisions"}],"predecessor-version":[{"id":501,"href":"https:\/\/arwincihangir.com\/tr\/wp-json\/wp\/v2\/pages\/376\/revisions\/501"}],"wp:attachment":[{"href":"https:\/\/arwincihangir.com\/tr\/wp-json\/wp\/v2\/media?parent=376"}],"curies":[{"name":"wp","href":"https:\/\/api.w.org\/{rel}","templated":true}]}}