{"id":241,"date":"2024-10-17T16:56:29","date_gmt":"2024-10-17T13:56:29","guid":{"rendered":"https:\/\/arwincihangir.com\/?page_id=241"},"modified":"2024-10-17T18:25:27","modified_gmt":"2024-10-17T15:25:27","slug":"about-us","status":"publish","type":"page","link":"https:\/\/arwincihangir.com\/tr\/about-us\/","title":{"rendered":"Hakk\u0131m\u0131zda"},"content":{"rendered":"<div data-elementor-type=\"wp-page\" data-elementor-id=\"241\" class=\"elementor elementor-241\" data-elementor-post-type=\"page\">\n\t\t\t\t\t\t<section class=\"elementor-section elementor-top-section elementor-element elementor-element-181baaa elementor-section-boxed elementor-section-height-default elementor-section-height-default\" data-id=\"181baaa\" data-element_type=\"section\" data-settings=\"{&quot;background_background&quot;:&quot;classic&quot;}\">\n\t\t\t\t\t\t<div class=\"elementor-container elementor-column-gap-default\">\n\t\t\t\t\t<div class=\"elementor-column elementor-col-100 elementor-top-column elementor-element elementor-element-83914b4\" data-id=\"83914b4\" data-element_type=\"column\">\n\t\t\t<div class=\"elementor-widget-wrap elementor-element-populated\">\n\t\t\t\t\t\t<div class=\"elementor-element elementor-element-4d137a3 elementor-widget elementor-widget-heading\" data-id=\"4d137a3\" data-element_type=\"widget\" data-widget_type=\"heading.default\">\n\t\t\t\t<div class=\"elementor-widget-container\">\n\t\t\t\t\t<h1 class=\"elementor-heading-title elementor-size-default\">Hakk\u0131m\u0131zda<\/h1>\t\t\t\t<\/div>\n\t\t\t\t<\/div>\n\t\t\t\t\t<\/div>\n\t\t<\/div>\n\t\t\t\t\t<\/div>\n\t\t<\/section>\n\t\t\t\t<section class=\"elementor-section elementor-top-section elementor-element elementor-element-b0dd34f elementor-section-full_width elementor-reverse-mobile elementor-section-height-default elementor-section-height-default\" data-id=\"b0dd34f\" data-element_type=\"section\">\n\t\t\t\t\t\t<div class=\"elementor-container elementor-column-gap-no\">\n\t\t\t\t\t<div class=\"elementor-column elementor-col-50 elementor-top-column elementor-element elementor-element-82eb0d6\" data-id=\"82eb0d6\" data-element_type=\"column\">\n\t\t\t<div class=\"elementor-widget-wrap elementor-element-populated\">\n\t\t\t\t\t\t<section class=\"elementor-section elementor-inner-section elementor-element elementor-element-9ec2e55 elementor-section-boxed elementor-section-height-default elementor-section-height-default\" data-id=\"9ec2e55\" data-element_type=\"section\" data-settings=\"{&quot;sticky&quot;:&quot;top&quot;,&quot;sticky_parent&quot;:&quot;yes&quot;,&quot;sticky_on&quot;:[&quot;desktop&quot;,&quot;tablet&quot;,&quot;mobile&quot;],&quot;sticky_offset&quot;:0,&quot;sticky_effects_offset&quot;:0}\">\n\t\t\t\t\t\t<div class=\"elementor-container elementor-column-gap-no\">\n\t\t\t\t\t<div class=\"elementor-column elementor-col-100 elementor-inner-column elementor-element elementor-element-201eaa7\" data-id=\"201eaa7\" data-element_type=\"column\">\n\t\t\t<div class=\"elementor-widget-wrap elementor-element-populated\">\n\t\t\t\t\t\t<div class=\"elementor-element elementor-element-0daa1d6 elementor-widget elementor-widget-image\" data-id=\"0daa1d6\" data-element_type=\"widget\" data-widget_type=\"image.default\">\n\t\t\t\t<div class=\"elementor-widget-container\">\n\t\t\t\t\t\t\t\t\t\t\t\t\t\t\t<img fetchpriority=\"high\" decoding=\"async\" width=\"1200\" height=\"1113\" src=\"https:\/\/arwincihangir.com\/wp-content\/uploads\/2024\/10\/arwin-roof-yemek-cihangir-1.jpg\" class=\"attachment-full size-full wp-image-16\" alt=\"\" srcset=\"https:\/\/arwincihangir.com\/wp-content\/uploads\/2024\/10\/arwin-roof-yemek-cihangir-1.jpg 1200w, https:\/\/arwincihangir.com\/wp-content\/uploads\/2024\/10\/arwin-roof-yemek-cihangir-1-300x278.jpg 300w, https:\/\/arwincihangir.com\/wp-content\/uploads\/2024\/10\/arwin-roof-yemek-cihangir-1-1024x950.jpg 1024w, https:\/\/arwincihangir.com\/wp-content\/uploads\/2024\/10\/arwin-roof-yemek-cihangir-1-768x712.jpg 768w\" sizes=\"(max-width: 1200px) 100vw, 1200px\" \/>\t\t\t\t\t\t\t\t\t\t\t\t\t\t\t<\/div>\n\t\t\t\t<\/div>\n\t\t\t\t\t<\/div>\n\t\t<\/div>\n\t\t\t\t\t<\/div>\n\t\t<\/section>\n\t\t\t\t\t<\/div>\n\t\t<\/div>\n\t\t\t\t<div class=\"elementor-column elementor-col-50 elementor-top-column elementor-element elementor-element-479a92d\" data-id=\"479a92d\" data-element_type=\"column\">\n\t\t\t<div class=\"elementor-widget-wrap elementor-element-populated\">\n\t\t\t\t\t\t<div class=\"elementor-element elementor-element-43c4281 elementor-widget elementor-widget-heading\" data-id=\"43c4281\" data-element_type=\"widget\" data-widget_type=\"heading.default\">\n\t\t\t\t<div class=\"elementor-widget-container\">\n\t\t\t\t\t<h2 class=\"elementor-heading-title elementor-size-default\">B\u00fcy\u00fcleyici Manzara<\/h2>\t\t\t\t<\/div>\n\t\t\t\t<\/div>\n\t\t\t\t<div class=\"elementor-element elementor-element-27e9b24 elementor-widget elementor-widget-heading\" data-id=\"27e9b24\" data-element_type=\"widget\" data-widget_type=\"heading.default\">\n\t\t\t\t<div class=\"elementor-widget-container\">\n\t\t\t\t\t<h2 class=\"elementor-heading-title elementor-size-default\">Arwin'e ho\u015f geldiniz!<\/h2>\t\t\t\t<\/div>\n\t\t\t\t<\/div>\n\t\t\t\t<div class=\"elementor-element elementor-element-1b6a84f elementor-widget elementor-widget-image\" data-id=\"1b6a84f\" data-element_type=\"widget\" data-widget_type=\"image.default\">\n\t\t\t\t<div class=\"elementor-widget-container\">\n\t\t\t\t\t\t\t\t\t\t\t\t\t\t\t<img decoding=\"async\" width=\"2892\" height=\"318\" src=\"https:\/\/arwincihangir.com\/wp-content\/uploads\/2024\/10\/divider.png\" class=\"attachment-full size-full wp-image-52\" alt=\"\" srcset=\"https:\/\/arwincihangir.com\/wp-content\/uploads\/2024\/10\/divider.png 2892w, https:\/\/arwincihangir.com\/wp-content\/uploads\/2024\/10\/divider-300x33.png 300w, https:\/\/arwincihangir.com\/wp-content\/uploads\/2024\/10\/divider-1024x113.png 1024w, https:\/\/arwincihangir.com\/wp-content\/uploads\/2024\/10\/divider-768x84.png 768w, https:\/\/arwincihangir.com\/wp-content\/uploads\/2024\/10\/divider-1536x169.png 1536w, https:\/\/arwincihangir.com\/wp-content\/uploads\/2024\/10\/divider-2048x225.png 2048w\" sizes=\"(max-width: 2892px) 100vw, 2892px\" \/>\t\t\t\t\t\t\t\t\t\t\t\t\t\t\t<\/div>\n\t\t\t\t<\/div>\n\t\t\t\t<div class=\"elementor-element elementor-element-dcc661c elementor-widget elementor-widget-text-editor\" data-id=\"dcc661c\" data-element_type=\"widget\" data-widget_type=\"text-editor.default\">\n\t\t\t\t<div class=\"elementor-widget-container\">\n\t\t\t\t\t\t\t\t\t<div class=\"order2 wpb_column vc_column_container vc_col-sm-6\"><div class=\"vc_column-inner vc_custom_1688728200386\"><div class=\"wpb_wrapper\"><div class=\"wpb_text_column wpb_content_element\"><div class=\"wpb_wrapper\"><div class=\"order2 wpb_column vc_column_container vc_col-sm-6\"><div class=\"vc_column-inner vc_custom_1688728200386\"><div class=\"wpb_wrapper\"><div class=\"wpb_text_column wpb_content_element\"><div class=\"wpb_wrapper\"><div class=\"flex-shrink-0 flex flex-col relative items-end\"><div><div class=\"pt-0\"><div class=\"gizmo-bot-avatar flex h-8 w-8 items-center justify-center overflow-hidden rounded-full\"><div class=\"relative p-1 rounded-sm flex items-center justify-center bg-token-main-surface-primary text-token-text-primary h-8 w-8\">Arwin Roof'ta, tarihi yar\u0131mada manzaral\u0131 teras\u0131m\u0131zda lezzetli yemeklerin tad\u0131n\u0131 \u00e7\u0131karabilirsiniz. Zengin men\u00fcm\u00fcz, her damak zevkine hitap edecek \u00e7e\u015fitlerle \u00f6zenle haz\u0131rlanm\u0131\u015ft\u0131r. Taze ve yerel malzemelerle haz\u0131rlanan Arwin serpme kahvalt\u0131s\u0131 ile deniz havas\u0131n\u0131n tad\u0131n\u0131 \u00e7\u0131kararak g\u00fcne mutlu bir ba\u015flang\u0131\u00e7 yap\u0131n.<\/div><\/div><\/div><\/div><\/div><div class=\"group\/conversation-turn relative flex w-full min-w-0 flex-col agent-turn\"><div class=\"flex-col gap-1 md:gap-3\"><div class=\"flex max-w-full flex-col flex-grow\"><div class=\"min-h-8 text-message flex w-full flex-col items-end gap-2 whitespace-normal break-words [.text-message+&amp;]:mt-5\" dir=\"auto\" data-message-author-role=\"assistant\" data-message-id=\"aefbf076-55d2-4a6b-ab71-8cb1a33651f5\" data-message-model-slug=\"gpt-4o\"><div class=\"flex w-full flex-col gap-1 empty:hidden first:pt-[3px]\"><div class=\"markdown prose w-full break-words dark:prose-invert dark\"><p>Lezzetli et yemeklerimizin yan\u0131 s\u0131ra, vegan ve vejetaryen misafirlerimiz i\u00e7in de titizlikle haz\u0131rlanm\u0131\u015f se\u00e7enekler sunuyoruz. Ana yemekler, s\u0131cak mezeler ve so\u011fuk ba\u015flang\u0131\u00e7larla zenginle\u015ftirilmi\u015f men\u00fcm\u00fcz, ak\u015fam yeme\u011fi i\u00e7in keyifli bir yemek deneyimi vaat ediyor.<\/p><\/div><\/div><\/div><\/div><\/div><\/div><\/div><\/div><\/div><\/div><\/div><\/div><\/div><\/div><\/div><\/div>\t\t\t\t\t\t\t\t<\/div>\n\t\t\t\t<\/div>\n\t\t\t\t<section class=\"elementor-section elementor-inner-section elementor-element elementor-element-9f5918b elementor-section-boxed elementor-section-height-default elementor-section-height-default\" data-id=\"9f5918b\" data-element_type=\"section\">\n\t\t\t\t\t\t<div class=\"elementor-container elementor-column-gap-default\">\n\t\t\t\t\t<div class=\"elementor-column elementor-col-100 elementor-inner-column elementor-element elementor-element-6a5b75b\" data-id=\"6a5b75b\" data-element_type=\"column\">\n\t\t\t<div class=\"elementor-widget-wrap elementor-element-populated\">\n\t\t\t\t\t\t<div class=\"elementor-element elementor-element-b501022 elementor-align-justify elementor-widget elementor-widget-button\" data-id=\"b501022\" data-element_type=\"widget\" data-widget_type=\"button.default\">\n\t\t\t\t<div class=\"elementor-widget-container\">\n\t\t\t\t\t\t\t\t\t<div class=\"elementor-button-wrapper\">\n\t\t\t\t\t<a class=\"elementor-button elementor-button-link elementor-size-sm\" href=\"\/tr\/reservation\/\">\n\t\t\t\t\t\t<span class=\"elementor-button-content-wrapper\">\n\t\t\t\t\t\t<span class=\"elementor-button-icon\">\n\t\t\t\t<svg aria-hidden=\"true\" class=\"e-font-icon-svg e-far-calendar-alt\" viewbox=\"0 0 448 512\" xmlns=\"http:\/\/www.w3.org\/2000\/svg\"><path d=\"M148 288h-40c-6.6 0-12-5.4-12-12v-40c0-6.6 5.4-12 12-12h40c6.6 0 12 5.4 12 12v40c0 6.6-5.4 12-12 12zm108-12v-40c0-6.6-5.4-12-12-12h-40c-6.6 0-12 5.4-12 12v40c0 6.6 5.4 12 12 12h40c6.6 0 12-5.4 12-12zm96 0v-40c0-6.6-5.4-12-12-12h-40c-6.6 0-12 5.4-12 12v40c0 6.6 5.4 12 12 12h40c6.6 0 12-5.4 12-12zm-96 96v-40c0-6.6-5.4-12-12-12h-40c-6.6 0-12 5.4-12 12v40c0 6.6 5.4 12 12 12h40c6.6 0 12-5.4 12-12zm-96 0v-40c0-6.6-5.4-12-12-12h-40c-6.6 0-12 5.4-12 12v40c0 6.6 5.4 12 12 12h40c6.6 0 12-5.4 12-12zm192 0v-40c0-6.6-5.4-12-12-12h-40c-6.6 0-12 5.4-12 12v40c0 6.6 5.4 12 12 12h40c6.6 0 12-5.4 12-12zm96-260v352c0 26.5-21.5 48-48 48H48c-26.5 0-48-21.5-48-48V112c0-26.5 21.5-48 48-48h48V12c0-6.6 5.4-12 12-12h40c6.6 0 12 5.4 12 12v52h128V12c0-6.6 5.4-12 12-12h40c6.6 0 12 5.4 12 12v52h48c26.5 0 48 21.5 48 48zm-48 346V160H48v298c0 3.3 2.7 6 6 6h340c3.3 0 6-2.7 6-6z\"><\/path><\/svg>\t\t\t<\/span>\n\t\t\t\t\t\t\t\t\t<span class=\"elementor-button-text\">Rezervasyon Yap<\/span>\n\t\t\t\t\t<\/span>\n\t\t\t\t\t<\/a>\n\t\t\t\t<\/div>\n\t\t\t\t\t\t\t\t<\/div>\n\t\t\t\t<\/div>\n\t\t\t\t\t<\/div>\n\t\t<\/div>\n\t\t\t\t\t<\/div>\n\t\t<\/section>\n\t\t\t\t\t<\/div>\n\t\t<\/div>\n\t\t\t\t\t<\/div>\n\t\t<\/section>\n\t\t\t\t<section class=\"elementor-section elementor-top-section elementor-element elementor-element-ab5f558 elementor-section-full_width elementor-reverse-mobile elementor-section-height-default elementor-section-height-default\" data-id=\"ab5f558\" data-element_type=\"section\">\n\t\t\t\t\t\t<div class=\"elementor-container elementor-column-gap-no\">\n\t\t\t\t\t<div class=\"elementor-column elementor-col-50 elementor-top-column elementor-element elementor-element-ee39712\" data-id=\"ee39712\" data-element_type=\"column\">\n\t\t\t<div class=\"elementor-widget-wrap elementor-element-populated\">\n\t\t\t\t\t\t<div class=\"elementor-element elementor-element-ecc2b95 elementor-widget elementor-widget-heading\" data-id=\"ecc2b95\" data-element_type=\"widget\" data-widget_type=\"heading.default\">\n\t\t\t\t<div class=\"elementor-widget-container\">\n\t\t\t\t\t<h2 class=\"elementor-heading-title elementor-size-default\">Sosyal ve Keyifli<\/h2>\t\t\t\t<\/div>\n\t\t\t\t<\/div>\n\t\t\t\t<div class=\"elementor-element elementor-element-d0e6c1a elementor-widget elementor-widget-heading\" data-id=\"d0e6c1a\" data-element_type=\"widget\" data-widget_type=\"heading.default\">\n\t\t\t\t<div class=\"elementor-widget-container\">\n\t\t\t\t\t<h2 class=\"elementor-heading-title elementor-size-default\">K\u0131sa bir mola verin!<\/h2>\t\t\t\t<\/div>\n\t\t\t\t<\/div>\n\t\t\t\t<div class=\"elementor-element elementor-element-9425bd5 elementor-widget elementor-widget-image\" data-id=\"9425bd5\" data-element_type=\"widget\" data-widget_type=\"image.default\">\n\t\t\t\t<div class=\"elementor-widget-container\">\n\t\t\t\t\t\t\t\t\t\t\t\t\t\t\t<img decoding=\"async\" width=\"2892\" height=\"318\" src=\"https:\/\/arwincihangir.com\/wp-content\/uploads\/2024\/10\/divider.png\" class=\"attachment-full size-full wp-image-52\" alt=\"\" srcset=\"https:\/\/arwincihangir.com\/wp-content\/uploads\/2024\/10\/divider.png 2892w, https:\/\/arwincihangir.com\/wp-content\/uploads\/2024\/10\/divider-300x33.png 300w, https:\/\/arwincihangir.com\/wp-content\/uploads\/2024\/10\/divider-1024x113.png 1024w, https:\/\/arwincihangir.com\/wp-content\/uploads\/2024\/10\/divider-768x84.png 768w, https:\/\/arwincihangir.com\/wp-content\/uploads\/2024\/10\/divider-1536x169.png 1536w, https:\/\/arwincihangir.com\/wp-content\/uploads\/2024\/10\/divider-2048x225.png 2048w\" sizes=\"(max-width: 2892px) 100vw, 2892px\" \/>\t\t\t\t\t\t\t\t\t\t\t\t\t\t\t<\/div>\n\t\t\t\t<\/div>\n\t\t\t\t<div class=\"elementor-element elementor-element-5360562 elementor-widget elementor-widget-text-editor\" data-id=\"5360562\" data-element_type=\"widget\" data-widget_type=\"text-editor.default\">\n\t\t\t\t<div class=\"elementor-widget-container\">\n\t\t\t\t\t\t\t\t\t<div class=\"order2 wpb_column vc_column_container vc_col-sm-6\"><div class=\"vc_column-inner vc_custom_1688728200386\"><div class=\"wpb_wrapper\"><div class=\"wpb_text_column wpb_content_element\"><div class=\"wpb_wrapper\"><div class=\"order2 wpb_column vc_column_container vc_col-sm-6\"><div class=\"vc_column-inner vc_custom_1688728200386\"><div class=\"wpb_wrapper\"><div class=\"wpb_text_column wpb_content_element\"><div class=\"wpb_wrapper\"><div class=\"flex max-w-full flex-col flex-grow\"><div class=\"min-h-8 text-message flex w-full flex-col items-end gap-2 whitespace-normal break-words [.text-message+&amp;]:mt-5\" dir=\"auto\" data-message-author-role=\"assistant\" data-message-id=\"a87eacb9-d464-4594-a679-162978f9af2a\" data-message-model-slug=\"gpt-4o\"><div class=\"flex w-full flex-col gap-1 empty:hidden first:pt-[3px]\"><div class=\"markdown prose w-full break-words dark:prose-invert dark\"><p>Cihangir'in e\u015fsiz k\u00fclt\u00fcr\u00fcn\u00fcn kalbinde yer alan Arwin Bistro'da, arkada\u015flar\u0131n\u0131zla keyifli zamanlar ge\u00e7irip Arwin'in lezzetli mutfa\u011f\u0131n\u0131n tad\u0131n\u0131 \u00e7\u0131karabilirsiniz. \u015eehir merkezinde olmas\u0131na ra\u011fmen, \u015fehrin g\u00fcr\u00fclt\u00fcs\u00fcnden uzak, huzurlu ve ye\u015fil bir vaha sunarak rahatlat\u0131c\u0131 bir atmosfer sa\u011flar.<\/p><p>S\u0131cak ve samimi bir mekan olan Arwin Bistro\u2019nun men\u00fcs\u00fc, yerel lezzetlerle haz\u0131rlanan lezzetli yemekler ve mezeler sunmaktad\u0131r. \u0130stanbul turunuzdan k\u0131sa bir mola vermek, arkada\u015flar\u0131n\u0131zla dinlenmek ve bir kadeh \u015farap e\u015fli\u011finde unutulmaz yemeklerin tad\u0131n\u0131 \u00e7\u0131karmak i\u00e7in m\u00fckemmel bir yerdir.<\/p><\/div><\/div><\/div><\/div><\/div><\/div><\/div><\/div><\/div><\/div><\/div><\/div><\/div><\/div>\t\t\t\t\t\t\t\t<\/div>\n\t\t\t\t<\/div>\n\t\t\t\t<section class=\"elementor-section elementor-inner-section elementor-element elementor-element-6576234 elementor-section-boxed elementor-section-height-default elementor-section-height-default\" data-id=\"6576234\" data-element_type=\"section\">\n\t\t\t\t\t\t<div class=\"elementor-container elementor-column-gap-default\">\n\t\t\t\t\t<div class=\"elementor-column elementor-col-100 elementor-inner-column elementor-element elementor-element-bf775d4\" data-id=\"bf775d4\" data-element_type=\"column\">\n\t\t\t<div class=\"elementor-widget-wrap elementor-element-populated\">\n\t\t\t\t\t\t<div class=\"elementor-element elementor-element-630216b elementor-align-justify elementor-widget elementor-widget-button\" data-id=\"630216b\" data-element_type=\"widget\" data-widget_type=\"button.default\">\n\t\t\t\t<div class=\"elementor-widget-container\">\n\t\t\t\t\t\t\t\t\t<div class=\"elementor-button-wrapper\">\n\t\t\t\t\t<a class=\"elementor-button elementor-button-link elementor-size-sm\" href=\"\/tr\/reservation\/\">\n\t\t\t\t\t\t<span class=\"elementor-button-content-wrapper\">\n\t\t\t\t\t\t<span class=\"elementor-button-icon\">\n\t\t\t\t<svg aria-hidden=\"true\" class=\"e-font-icon-svg e-far-calendar-alt\" viewbox=\"0 0 448 512\" xmlns=\"http:\/\/www.w3.org\/2000\/svg\"><path d=\"M148 288h-40c-6.6 0-12-5.4-12-12v-40c0-6.6 5.4-12 12-12h40c6.6 0 12 5.4 12 12v40c0 6.6-5.4 12-12 12zm108-12v-40c0-6.6-5.4-12-12-12h-40c-6.6 0-12 5.4-12 12v40c0 6.6 5.4 12 12 12h40c6.6 0 12-5.4 12-12zm96 0v-40c0-6.6-5.4-12-12-12h-40c-6.6 0-12 5.4-12 12v40c0 6.6 5.4 12 12 12h40c6.6 0 12-5.4 12-12zm-96 96v-40c0-6.6-5.4-12-12-12h-40c-6.6 0-12 5.4-12 12v40c0 6.6 5.4 12 12 12h40c6.6 0 12-5.4 12-12zm-96 0v-40c0-6.6-5.4-12-12-12h-40c-6.6 0-12 5.4-12 12v40c0 6.6 5.4 12 12 12h40c6.6 0 12-5.4 12-12zm192 0v-40c0-6.6-5.4-12-12-12h-40c-6.6 0-12 5.4-12 12v40c0 6.6 5.4 12 12 12h40c6.6 0 12-5.4 12-12zm96-260v352c0 26.5-21.5 48-48 48H48c-26.5 0-48-21.5-48-48V112c0-26.5 21.5-48 48-48h48V12c0-6.6 5.4-12 12-12h40c6.6 0 12 5.4 12 12v52h128V12c0-6.6 5.4-12 12-12h40c6.6 0 12 5.4 12 12v52h48c26.5 0 48 21.5 48 48zm-48 346V160H48v298c0 3.3 2.7 6 6 6h340c3.3 0 6-2.7 6-6z\"><\/path><\/svg>\t\t\t<\/span>\n\t\t\t\t\t\t\t\t\t<span class=\"elementor-button-text\">Rezervasyon Yap<\/span>\n\t\t\t\t\t<\/span>\n\t\t\t\t\t<\/a>\n\t\t\t\t<\/div>\n\t\t\t\t\t\t\t\t<\/div>\n\t\t\t\t<\/div>\n\t\t\t\t\t<\/div>\n\t\t<\/div>\n\t\t\t\t\t<\/div>\n\t\t<\/section>\n\t\t\t\t\t<\/div>\n\t\t<\/div>\n\t\t\t\t<div class=\"elementor-column elementor-col-50 elementor-top-column elementor-element elementor-element-fdbe004\" data-id=\"fdbe004\" data-element_type=\"column\">\n\t\t\t<div class=\"elementor-widget-wrap elementor-element-populated\">\n\t\t\t\t\t\t<section class=\"elementor-section elementor-inner-section elementor-element elementor-element-913d6a1 elementor-section-boxed elementor-section-height-default elementor-section-height-default\" data-id=\"913d6a1\" data-element_type=\"section\" data-settings=\"{&quot;sticky&quot;:&quot;top&quot;,&quot;sticky_parent&quot;:&quot;yes&quot;,&quot;sticky_on&quot;:[&quot;desktop&quot;,&quot;tablet&quot;,&quot;mobile&quot;],&quot;sticky_offset&quot;:0,&quot;sticky_effects_offset&quot;:0}\">\n\t\t\t\t\t\t<div class=\"elementor-container elementor-column-gap-no\">\n\t\t\t\t\t<div class=\"elementor-column elementor-col-100 elementor-inner-column elementor-element elementor-element-f21ee93\" data-id=\"f21ee93\" data-element_type=\"column\">\n\t\t\t<div class=\"elementor-widget-wrap elementor-element-populated\">\n\t\t\t\t\t\t<div class=\"elementor-element elementor-element-19f88af elementor-widget elementor-widget-image\" data-id=\"19f88af\" data-element_type=\"widget\" data-widget_type=\"image.default\">\n\t\t\t\t<div class=\"elementor-widget-container\">\n\t\t\t\t\t\t\t\t\t\t\t\t\t\t\t<img decoding=\"async\" width=\"1200\" height=\"1113\" src=\"https:\/\/arwincihangir.com\/wp-content\/uploads\/2024\/10\/arwin-roof-kahvalti-cihangir-1.jpg\" class=\"attachment-full size-full wp-image-74\" alt=\"\" srcset=\"https:\/\/arwincihangir.com\/wp-content\/uploads\/2024\/10\/arwin-roof-kahvalti-cihangir-1.jpg 1200w, https:\/\/arwincihangir.com\/wp-content\/uploads\/2024\/10\/arwin-roof-kahvalti-cihangir-1-300x278.jpg 300w, https:\/\/arwincihangir.com\/wp-content\/uploads\/2024\/10\/arwin-roof-kahvalti-cihangir-1-1024x950.jpg 1024w, https:\/\/arwincihangir.com\/wp-content\/uploads\/2024\/10\/arwin-roof-kahvalti-cihangir-1-768x712.jpg 768w\" sizes=\"(max-width: 1200px) 100vw, 1200px\" \/>\t\t\t\t\t\t\t\t\t\t\t\t\t\t\t<\/div>\n\t\t\t\t<\/div>\n\t\t\t\t\t<\/div>\n\t\t<\/div>\n\t\t\t\t\t<\/div>\n\t\t<\/section>\n\t\t\t\t\t<\/div>\n\t\t<\/div>\n\t\t\t\t\t<\/div>\n\t\t<\/section>\n\t\t\t\t<\/div>","protected":false},"excerpt":{"rendered":"<p>Fascinating View Welcome to Arwin! At Arwin Roof, you can enjoy delicious meals on our terrace overlooking the historic peninsula. Our rich menu is carefully prepared with a variety of options to suit every taste. Start your day happily with the Arwin mixed breakfast, made with fresh and local ingredients, while enjoying the sea breeze&#8230;.<\/p>","protected":false},"author":1,"featured_media":0,"parent":0,"menu_order":0,"comment_status":"closed","ping_status":"closed","template":"elementor_header_footer","meta":{"footnotes":""},"class_list":["post-241","page","type-page","status-publish","hentry"],"_links":{"self":[{"href":"https:\/\/arwincihangir.com\/tr\/wp-json\/wp\/v2\/pages\/241","targetHints":{"allow":["GET"]}}],"collection":[{"href":"https:\/\/arwincihangir.com\/tr\/wp-json\/wp\/v2\/pages"}],"about":[{"href":"https:\/\/arwincihangir.com\/tr\/wp-json\/wp\/v2\/types\/page"}],"author":[{"embeddable":true,"href":"https:\/\/arwincihangir.com\/tr\/wp-json\/wp\/v2\/users\/1"}],"replies":[{"embeddable":true,"href":"https:\/\/arwincihangir.com\/tr\/wp-json\/wp\/v2\/comments?post=241"}],"version-history":[{"count":13,"href":"https:\/\/arwincihangir.com\/tr\/wp-json\/wp\/v2\/pages\/241\/revisions"}],"predecessor-version":[{"id":300,"href":"https:\/\/arwincihangir.com\/tr\/wp-json\/wp\/v2\/pages\/241\/revisions\/300"}],"wp:attachment":[{"href":"https:\/\/arwincihangir.com\/tr\/wp-json\/wp\/v2\/media?parent=241"}],"curies":[{"name":"wp","href":"https:\/\/api.w.org\/{rel}","templated":true}]}}